{"id":7017,"date":"2026-02-27T15:14:50","date_gmt":"2026-02-27T14:14:50","guid":{"rendered":"https:\/\/barceloninsdeportats.org\/inici\/"},"modified":"2026-02-27T15:18:14","modified_gmt":"2026-02-27T14:18:14","slug":"inici","status":"publish","type":"page","link":"https:\/\/barceloninsdeportats.org\/es\/","title":{"rendered":"Inicio"},"content":{"rendered":"<p>Esta p\u00e1gina originalmente estuvo dedicada a los republicanos deportados a los campos nazis que tuvieron relaci\u00f3n con la ciudad de Barcelona y se public\u00f3 gracias a la colaboraci\u00f3n con el ayuntamiento, poniendo a disposici\u00f3n de la poblaci\u00f3n en general y, m\u00e1s concretamente, familiares y estudiosos, la base de datos m\u00e1s actualizada, amplia y completa sobre deportados barceloneses que nunca se haya hecho p\u00fablica.<\/p>\n<p>Debido al conocimiento actual de la deportaci\u00f3n procedente de diferentes poblaciones de la demarcaci\u00f3n provincial, se ha considerado la ampliaci\u00f3n progresiva de esta base de datos al conjunto de las comarcas barcelonesas, en colaboraci\u00f3n con la Diputaci\u00f3n Provincial de Barcelona.<\/p>\n<p>En este censo se incluir\u00e1n, tambi\u00e9n, a aquellas personas que resid\u00edan en alguna localidad de la provincia en el momento que marcharon al exilio y que proced\u00edan de otras provincias espa\u00f1olas, de donde se hab\u00edan desplazado, mayoritariamente, por razones econ\u00f3micas o laborales.<\/p>\n","protected":false},"excerpt":{"rendered":"<p>Esta p\u00e1gina originalmente estuvo dedicada a los republicanos deportados a los campos nazis que tuvieron relaci\u00f3n con la ciudad de Barcelona y se public\u00f3 gracias a la colaboraci\u00f3n con el ayuntamiento, poniendo a disposici\u00f3n de la poblaci\u00f3n en general y, m\u00e1s concretamente, familiares y estudiosos, la base de datos m\u00e1s actualizada, amplia y completa sobre [&hellip;]<\/p>\n","protected":false},"author":1,"featured_media":0,"parent":0,"menu_order":0,"comment_status":"closed","ping_status":"closed","template":"","meta":{"_acf_changed":false,"footnotes":""},"class_list":["post-7017","page","type-page","status-publish","hentry"],"acf":[],"yoast_head":"<!-- This site is optimized with the Yoast SEO plugin v26.2 - https:\/\/yoast.com\/wordpress\/plugins\/seo\/ -->\n<title>Inicio - Barcelonins deportats<\/title>\n<meta name=\"robots\" content=\"index, follow, max-snippet:-1, max-image-preview:large, max-video-preview:-1\" \/>\n<link rel=\"canonical\" href=\"https:\/\/barceloninsdeportats.org\/es\/\" \/>\n<meta property=\"og:locale\" content=\"es_ES\" \/>\n<meta property=\"og:type\" content=\"article\" \/>\n<meta property=\"og:title\" content=\"Inicio - Barcelonins deportats\" \/>\n<meta property=\"og:description\" content=\"Esta p\u00e1gina originalmente estuvo dedicada a los republicanos deportados a los campos nazis que tuvieron relaci\u00f3n con la ciudad de Barcelona y se public\u00f3 gracias a la colaboraci\u00f3n con el ayuntamiento, poniendo a disposici\u00f3n de la poblaci\u00f3n en general y, m\u00e1s concretamente, familiares y estudiosos, la base de datos m\u00e1s actualizada, amplia y completa sobre [&hellip;]\" \/>\n<meta property=\"og:url\" content=\"https:\/\/barceloninsdeportats.org\/es\/\" \/>\n<meta property=\"og:site_name\" content=\"Barcelonins deportats\" \/>\n<meta property=\"article:modified_time\" content=\"2026-02-27T14:18:14+00:00\" \/>\n<meta name=\"twitter:card\" content=\"summary_large_image\" \/>\n<meta name=\"twitter:label1\" content=\"Tiempo de lectura\" \/>\n\t<meta name=\"twitter:data1\" content=\"1 minuto\" \/>\n<script type=\"application\/ld+json\" class=\"yoast-schema-graph\">{\"@context\":\"https:\/\/schema.org\",\"@graph\":[{\"@type\":\"WebPage\",\"@id\":\"https:\/\/barceloninsdeportats.org\/es\/\",\"url\":\"https:\/\/barceloninsdeportats.org\/es\/\",\"name\":\"Inicio - Barcelonins deportats\",\"isPartOf\":{\"@id\":\"https:\/\/barceloninsdeportats.org\/#website\"},\"datePublished\":\"2026-02-27T14:14:50+00:00\",\"dateModified\":\"2026-02-27T14:18:14+00:00\",\"breadcrumb\":{\"@id\":\"https:\/\/barceloninsdeportats.org\/es\/#breadcrumb\"},\"inLanguage\":\"es\",\"potentialAction\":[{\"@type\":\"ReadAction\",\"target\":[\"https:\/\/barceloninsdeportats.org\/es\/\"]}]},{\"@type\":\"BreadcrumbList\",\"@id\":\"https:\/\/barceloninsdeportats.org\/es\/#breadcrumb\",\"itemListElement\":[{\"@type\":\"ListItem\",\"position\":1,\"name\":\"Portada\",\"item\":\"https:\/\/barceloninsdeportats.org\/es\/\"},{\"@type\":\"ListItem\",\"position\":2,\"name\":\"Inicio\"}]},{\"@type\":\"WebSite\",\"@id\":\"https:\/\/barceloninsdeportats.org\/#website\",\"url\":\"https:\/\/barceloninsdeportats.org\/\",\"name\":\"Barcelonins deportats\",\"description\":\"\",\"potentialAction\":[{\"@type\":\"SearchAction\",\"target\":{\"@type\":\"EntryPoint\",\"urlTemplate\":\"https:\/\/barceloninsdeportats.org\/?s={search_term_string}\"},\"query-input\":{\"@type\":\"PropertyValueSpecification\",\"valueRequired\":true,\"valueName\":\"search_term_string\"}}],\"inLanguage\":\"es\"}]}<\/script>\n<!-- \/ Yoast SEO plugin. -->","yoast_head_json":{"title":"Inicio - Barcelonins deportats","robots":{"index":"index","follow":"follow","max-snippet":"max-snippet:-1","max-image-preview":"max-image-preview:large","max-video-preview":"max-video-preview:-1"},"canonical":"https:\/\/barceloninsdeportats.org\/es\/","og_locale":"es_ES","og_type":"article","og_title":"Inicio - Barcelonins deportats","og_description":"Esta p\u00e1gina originalmente estuvo dedicada a los republicanos deportados a los campos nazis que tuvieron relaci\u00f3n con la ciudad de Barcelona y se public\u00f3 gracias a la colaboraci\u00f3n con el ayuntamiento, poniendo a disposici\u00f3n de la poblaci\u00f3n en general y, m\u00e1s concretamente, familiares y estudiosos, la base de datos m\u00e1s actualizada, amplia y completa sobre [&hellip;]","og_url":"https:\/\/barceloninsdeportats.org\/es\/","og_site_name":"Barcelonins deportats","article_modified_time":"2026-02-27T14:18:14+00:00","twitter_card":"summary_large_image","twitter_misc":{"Tiempo de lectura":"1 minuto"},"schema":{"@context":"https:\/\/schema.org","@graph":[{"@type":"WebPage","@id":"https:\/\/barceloninsdeportats.org\/es\/","url":"https:\/\/barceloninsdeportats.org\/es\/","name":"Inicio - Barcelonins deportats","isPartOf":{"@id":"https:\/\/barceloninsdeportats.org\/#website"},"datePublished":"2026-02-27T14:14:50+00:00","dateModified":"2026-02-27T14:18:14+00:00","breadcrumb":{"@id":"https:\/\/barceloninsdeportats.org\/es\/#breadcrumb"},"inLanguage":"es","potentialAction":[{"@type":"ReadAction","target":["https:\/\/barceloninsdeportats.org\/es\/"]}]},{"@type":"BreadcrumbList","@id":"https:\/\/barceloninsdeportats.org\/es\/#breadcrumb","itemListElement":[{"@type":"ListItem","position":1,"name":"Portada","item":"https:\/\/barceloninsdeportats.org\/es\/"},{"@type":"ListItem","position":2,"name":"Inicio"}]},{"@type":"WebSite","@id":"https:\/\/barceloninsdeportats.org\/#website","url":"https:\/\/barceloninsdeportats.org\/","name":"Barcelonins deportats","description":"","potentialAction":[{"@type":"SearchAction","target":{"@type":"EntryPoint","urlTemplate":"https:\/\/barceloninsdeportats.org\/?s={search_term_string}"},"query-input":{"@type":"PropertyValueSpecification","valueRequired":true,"valueName":"search_term_string"}}],"inLanguage":"es"}]}},"_links":{"self":[{"href":"https:\/\/barceloninsdeportats.org\/es\/wp-json\/wp\/v2\/pages\/7017","targetHints":{"allow":["GET"]}}],"collection":[{"href":"https:\/\/barceloninsdeportats.org\/es\/wp-json\/wp\/v2\/pages"}],"about":[{"href":"https:\/\/barceloninsdeportats.org\/es\/wp-json\/wp\/v2\/types\/page"}],"author":[{"embeddable":true,"href":"https:\/\/barceloninsdeportats.org\/es\/wp-json\/wp\/v2\/users\/1"}],"replies":[{"embeddable":true,"href":"https:\/\/barceloninsdeportats.org\/es\/wp-json\/wp\/v2\/comments?post=7017"}],"version-history":[{"count":1,"href":"https:\/\/barceloninsdeportats.org\/es\/wp-json\/wp\/v2\/pages\/7017\/revisions"}],"predecessor-version":[{"id":7018,"href":"https:\/\/barceloninsdeportats.org\/es\/wp-json\/wp\/v2\/pages\/7017\/revisions\/7018"}],"wp:attachment":[{"href":"https:\/\/barceloninsdeportats.org\/es\/wp-json\/wp\/v2\/media?parent=7017"}],"curies":[{"name":"wp","href":"https:\/\/api.w.org\/{rel}","templated":true}]}}